{"id":62149,"date":"2024-05-10T21:51:53","date_gmt":"2024-05-10T19:51:53","guid":{"rendered":"https:\/\/lunit.sk\/konfigurator\/"},"modified":"2024-05-10T21:53:28","modified_gmt":"2024-05-10T19:53:28","slug":"konfigurator","status":"publish","type":"page","link":"https:\/\/lunit.sk\/hu\/konfigurator\/","title":{"rendered":"Konfigur\u00e1tor"},"content":{"rendered":"\n<div>\n            <a href=\"https:\/\/konfigurator.lunit.sk\/hu\" target=\"_blank\" class=\"button\"><i class=\"fa-solid fa-calculator\"><\/i> Menjen a konfigur\u00e1torhoz<\/a>\n    <\/div>\n\n","protected":false},"excerpt":{"rendered":"","protected":false},"author":1,"featured_media":0,"parent":0,"menu_order":0,"comment_status":"closed","ping_status":"closed","template":"","meta":{"_acf_changed":false,"site-sidebar-layout":"default","site-content-layout":"","ast-site-content-layout":"default","site-content-style":"default","site-sidebar-style":"default","ast-global-header-display":"","ast-banner-title-visibility":"","ast-main-header-display":"","ast-hfb-above-header-display":"","ast-hfb-below-header-display":"","ast-hfb-mobile-header-display":"","site-post-title":"","ast-breadcrumbs-content":"","ast-featured-img":"","footer-sml-layout":"","theme-transparent-header-meta":"","adv-header-id-meta":"","stick-header-meta":"","header-above-stick-meta":"","header-main-stick-meta":"","header-below-stick-meta":"","astra-migrate-meta-layouts":"","footnotes":""},"acf":[],"yoast_head":"<!-- This site is optimized with the Yoast SEO plugin v22.4 - https:\/\/yoast.com\/wordpress\/plugins\/seo\/ -->\n<title>Konfigur\u00e1tor &#8211; LUNIT s.r.o.<\/title>\n<meta name=\"robots\" content=\"index, follow, max-snippet:-1, max-image-preview:large, max-video-preview:-1\" \/>\n<link rel=\"canonical\" href=\"https:\/\/lunit.sk\/hu\/konfigurator\/\" \/>\n<meta property=\"og:locale\" content=\"hu_HU\" \/>\n<meta property=\"og:type\" content=\"article\" \/>\n<meta property=\"og:title\" content=\"Konfigur\u00e1tor &#8211; LUNIT s.r.o.\" \/>\n<meta property=\"og:url\" content=\"https:\/\/lunit.sk\/hu\/konfigurator\/\" \/>\n<meta property=\"og:site_name\" content=\"LUNIT s.r.o.\" \/>\n<meta property=\"article:publisher\" content=\"https:\/\/www.facebook.com\/Lunitnabytok\" \/>\n<meta property=\"article:modified_time\" content=\"2024-05-10T19:53:28+00:00\" \/>\n<meta property=\"og:image\" content=\"https:\/\/lunit.sk\/wp-content\/uploads\/2024\/04\/open-graph.png\" \/>\n\t<meta property=\"og:image:width\" content=\"1200\" \/>\n\t<meta property=\"og:image:height\" content=\"675\" \/>\n\t<meta property=\"og:image:type\" content=\"image\/png\" \/>\n<meta name=\"twitter:card\" content=\"summary_large_image\" \/>\n<script type=\"application\/ld+json\" class=\"yoast-schema-graph\">{\"@context\":\"https:\/\/schema.org\",\"@graph\":[{\"@type\":\"WebPage\",\"@id\":\"https:\/\/lunit.sk\/hu\/konfigurator\/\",\"url\":\"https:\/\/lunit.sk\/hu\/konfigurator\/\",\"name\":\"Konfigur\u00e1tor &#8211; LUNIT s.r.o.\",\"isPartOf\":{\"@id\":\"https:\/\/lunit.sk\/hu\/#website\"},\"datePublished\":\"2024-05-10T19:51:53+00:00\",\"dateModified\":\"2024-05-10T19:53:28+00:00\",\"breadcrumb\":{\"@id\":\"https:\/\/lunit.sk\/hu\/konfigurator\/#breadcrumb\"},\"inLanguage\":\"hu\",\"potentialAction\":[{\"@type\":\"ReadAction\",\"target\":[\"https:\/\/lunit.sk\/hu\/konfigurator\/\"]}]},{\"@type\":\"BreadcrumbList\",\"@id\":\"https:\/\/lunit.sk\/hu\/konfigurator\/#breadcrumb\",\"itemListElement\":[{\"@type\":\"ListItem\",\"position\":1,\"name\":\"Home\",\"item\":\"https:\/\/lunit.sk\/hu\/\"},{\"@type\":\"ListItem\",\"position\":2,\"name\":\"Konfigur\u00e1tor\"}]},{\"@type\":\"WebSite\",\"@id\":\"https:\/\/lunit.sk\/hu\/#website\",\"url\":\"https:\/\/lunit.sk\/hu\/\",\"name\":\"LUNIT.sk\",\"description\":\"N\u00e1bytkov\u00e9 kovania a v\u00fdroba kuchynsk\u00fdch dvierok\",\"publisher\":{\"@id\":\"https:\/\/lunit.sk\/hu\/#organization\"},\"potentialAction\":[{\"@type\":\"SearchAction\",\"target\":{\"@type\":\"EntryPoint\",\"urlTemplate\":\"https:\/\/lunit.sk\/hu\/?s={search_term_string}\"},\"query-input\":\"required name=search_term_string\"}],\"inLanguage\":\"hu\"},{\"@type\":\"Organization\",\"@id\":\"https:\/\/lunit.sk\/hu\/#organization\",\"name\":\"LUNIT s.r.o.\",\"url\":\"https:\/\/lunit.sk\/hu\/\",\"logo\":{\"@type\":\"ImageObject\",\"inLanguage\":\"hu\",\"@id\":\"https:\/\/lunit.sk\/hu\/#\/schema\/logo\/image\/\",\"url\":\"https:\/\/lunit.sk\/wp-content\/uploads\/2023\/03\/logo.png\",\"contentUrl\":\"https:\/\/lunit.sk\/wp-content\/uploads\/2023\/03\/logo.png\",\"width\":300,\"height\":229,\"caption\":\"LUNIT s.r.o.\"},\"image\":{\"@id\":\"https:\/\/lunit.sk\/hu\/#\/schema\/logo\/image\/\"},\"sameAs\":[\"https:\/\/www.facebook.com\/Lunitnabytok\",\"https:\/\/www.youtube.com\/channel\/UC0NXGlCMn5kMkFzIVJHreog\"]}]}<\/script>\n<!-- \/ Yoast SEO plugin. -->","yoast_head_json":{"title":"Konfigur\u00e1tor &#8211; LUNIT s.r.o.","robots":{"index":"index","follow":"follow","max-snippet":"max-snippet:-1","max-image-preview":"max-image-preview:large","max-video-preview":"max-video-preview:-1"},"canonical":"https:\/\/lunit.sk\/hu\/konfigurator\/","og_locale":"hu_HU","og_type":"article","og_title":"Konfigur\u00e1tor &#8211; LUNIT s.r.o.","og_url":"https:\/\/lunit.sk\/hu\/konfigurator\/","og_site_name":"LUNIT s.r.o.","article_publisher":"https:\/\/www.facebook.com\/Lunitnabytok","article_modified_time":"2024-05-10T19:53:28+00:00","og_image":[{"width":1200,"height":675,"url":"https:\/\/lunit.sk\/wp-content\/uploads\/2024\/04\/open-graph.png","type":"image\/png"}],"twitter_card":"summary_large_image","schema":{"@context":"https:\/\/schema.org","@graph":[{"@type":"WebPage","@id":"https:\/\/lunit.sk\/hu\/konfigurator\/","url":"https:\/\/lunit.sk\/hu\/konfigurator\/","name":"Konfigur\u00e1tor &#8211; LUNIT s.r.o.","isPartOf":{"@id":"https:\/\/lunit.sk\/hu\/#website"},"datePublished":"2024-05-10T19:51:53+00:00","dateModified":"2024-05-10T19:53:28+00:00","breadcrumb":{"@id":"https:\/\/lunit.sk\/hu\/konfigurator\/#breadcrumb"},"inLanguage":"hu","potentialAction":[{"@type":"ReadAction","target":["https:\/\/lunit.sk\/hu\/konfigurator\/"]}]},{"@type":"BreadcrumbList","@id":"https:\/\/lunit.sk\/hu\/konfigurator\/#breadcrumb","itemListElement":[{"@type":"ListItem","position":1,"name":"Home","item":"https:\/\/lunit.sk\/hu\/"},{"@type":"ListItem","position":2,"name":"Konfigur\u00e1tor"}]},{"@type":"WebSite","@id":"https:\/\/lunit.sk\/hu\/#website","url":"https:\/\/lunit.sk\/hu\/","name":"LUNIT.sk","description":"N\u00e1bytkov\u00e9 kovania a v\u00fdroba kuchynsk\u00fdch dvierok","publisher":{"@id":"https:\/\/lunit.sk\/hu\/#organization"},"potentialAction":[{"@type":"SearchAction","target":{"@type":"EntryPoint","urlTemplate":"https:\/\/lunit.sk\/hu\/?s={search_term_string}"},"query-input":"required name=search_term_string"}],"inLanguage":"hu"},{"@type":"Organization","@id":"https:\/\/lunit.sk\/hu\/#organization","name":"LUNIT s.r.o.","url":"https:\/\/lunit.sk\/hu\/","logo":{"@type":"ImageObject","inLanguage":"hu","@id":"https:\/\/lunit.sk\/hu\/#\/schema\/logo\/image\/","url":"https:\/\/lunit.sk\/wp-content\/uploads\/2023\/03\/logo.png","contentUrl":"https:\/\/lunit.sk\/wp-content\/uploads\/2023\/03\/logo.png","width":300,"height":229,"caption":"LUNIT s.r.o."},"image":{"@id":"https:\/\/lunit.sk\/hu\/#\/schema\/logo\/image\/"},"sameAs":["https:\/\/www.facebook.com\/Lunitnabytok","https:\/\/www.youtube.com\/channel\/UC0NXGlCMn5kMkFzIVJHreog"]}]}},"_links":{"self":[{"href":"https:\/\/lunit.sk\/hu\/wp-json\/wp\/v2\/pages\/62149"}],"collection":[{"href":"https:\/\/lunit.sk\/hu\/wp-json\/wp\/v2\/pages"}],"about":[{"href":"https:\/\/lunit.sk\/hu\/wp-json\/wp\/v2\/types\/page"}],"author":[{"embeddable":true,"href":"https:\/\/lunit.sk\/hu\/wp-json\/wp\/v2\/users\/1"}],"replies":[{"embeddable":true,"href":"https:\/\/lunit.sk\/hu\/wp-json\/wp\/v2\/comments?post=62149"}],"version-history":[{"count":1,"href":"https:\/\/lunit.sk\/hu\/wp-json\/wp\/v2\/pages\/62149\/revisions"}],"predecessor-version":[{"id":62150,"href":"https:\/\/lunit.sk\/hu\/wp-json\/wp\/v2\/pages\/62149\/revisions\/62150"}],"wp:attachment":[{"href":"https:\/\/lunit.sk\/hu\/wp-json\/wp\/v2\/media?parent=62149"}],"curies":[{"name":"wp","href":"https:\/\/api.w.org\/{rel}","templated":true}]}}